{"id":1760,"date":"2023-09-04T18:45:28","date_gmt":"2023-09-04T18:45:28","guid":{"rendered":"http:\/\/beta.carbon-education.org\/carbono-azul\/"},"modified":"2023-09-09T20:28:49","modified_gmt":"2023-09-09T20:28:49","slug":"carbono-azul","status":"publish","type":"page","link":"http:\/\/beta.carbon-education.org\/es\/","title":{"rendered":"Carbono Azul"},"content":{"rendered":"<div id=\"jig1\" class=\"justified-image-grid jig-e45c7abdc96a5ddcca51ab43f3fa322d jig-preset-4 jig-source-wp-gallery jig-rml-id-3 jig-id-131\"><div class=\"jig-clearfix\"><\/div><noscript id=\"jig1-html\" class=\"justified-image-grid-html\" data-lazy-src=\"skiplazyload\" data-src=\"skipunveillazyload\"><ul><li><a href=\"http:\/\/beta.carbon-education.org\/wp-content\/uploads\/2023\/09\/Blue-Video-Play-1.png\" title=\"En el primer v\u00eddeo de la serie de v\u00eddeos sobre carbono azul, definimos &quot;qu\u00e9 es el carbono azul&quot; y analizamos por qu\u00e9 es importante.\"><img loading=\"lazy\" decoding=\"async\" src=\"http:\/\/beta.carbon-education.org\/wp-content\/plugins\/justified-image-grid\/timthumb.php?src=http%3A%2F%2Fbeta.carbon-education.org%2Fwp-content%2Fuploads%2F2023%2F09%2FBlue-Video-Play-1.png&amp;h=335&amp;q=90&amp;f=.png\" alt=\"V\u00eddeo de carbono azul 1\" width=\"446\" height=\"335\" \/><\/a><p class=\"jig-HTMLdescription\">V\u00eddeo de carbono azul 1<br\/>En el primer v\u00eddeo de la serie de v\u00eddeos sobre carbono azul, definimos \u00abqu\u00e9 es el carbono azul\u00bb y analizamos por qu\u00e9 es importante.<\/p><\/li><li><a href=\"http:\/\/beta.carbon-education.org\/wp-content\/uploads\/2023\/09\/Blue-Video-Play-2.png\" title=\"En el segundo v\u00eddeo de la serie de v\u00eddeos sobre carbono azul, analizamos en qu\u00e9 parte de la Tierra se pueden encontrar ejemplos de carbono azul.\"><img loading=\"lazy\" decoding=\"async\" src=\"http:\/\/beta.carbon-education.org\/wp-content\/plugins\/justified-image-grid\/timthumb.php?src=http%3A%2F%2Fbeta.carbon-education.org%2Fwp-content%2Fuploads%2F2023%2F09%2FBlue-Video-Play-2.png&amp;h=335&amp;q=90&amp;f=.png\" alt=\"V\u00eddeo de carbono azul 2\" width=\"446\" height=\"335\" \/><\/a><p class=\"jig-HTMLdescription\">V\u00eddeo de carbono azul 2<br\/>En el segundo v\u00eddeo de la serie de v\u00eddeos sobre carbono azul, analizamos en qu\u00e9 parte de la Tierra se pueden encontrar ejemplos de carbono azul.<\/p><\/li><li><a href=\"http:\/\/beta.carbon-education.org\/wp-content\/uploads\/2023\/09\/Blue-Video-Play-3.png\" title=\"En el tercer v\u00eddeo de la serie de v\u00eddeos sobre carbono azul, analizamos las estad\u00edsticas y tendencias del carbono azul.\"><img loading=\"lazy\" decoding=\"async\" src=\"http:\/\/beta.carbon-education.org\/wp-content\/plugins\/justified-image-grid\/timthumb.php?src=http%3A%2F%2Fbeta.carbon-education.org%2Fwp-content%2Fuploads%2F2023%2F09%2FBlue-Video-Play-3.png&amp;h=335&amp;q=90&amp;f=.png\" alt=\"V\u00eddeo de carbono azul 3\" width=\"446\" height=\"335\" \/><\/a><p class=\"jig-HTMLdescription\">V\u00eddeo de carbono azul 3<br\/>En el tercer v\u00eddeo de la serie de v\u00eddeos sobre carbono azul, analizamos las estad\u00edsticas y tendencias del carbono azul.<\/p><\/li><\/ul><\/noscript><\/div>\n\n\n<div style=\"height:100px\" aria-hidden=\"true\" class=\"wp-block-spacer\"><\/div>\n\n\n<div id=\"jig2\" class=\"justified-image-grid jig-eef85feda7c6e18315e50044d95ccee6 jig-preset-global jig-source-wp-gallery jig-rml-id-9 jig-id-125\"><div class=\"jig-clearfix\"><\/div><noscript id=\"jig2-html\" class=\"justified-image-grid-html\" data-lazy-src=\"skiplazyload\" data-src=\"skipunveillazyload\"><ul><li><a href=\"http:\/\/beta.carbon-education.org\/wp-content\/uploads\/2023\/08\/960x0.jpg\" title=\"This is a description field where you could continue to talk about CO2 for a full paragraph. Unlike the caption where you probably want to keep that to a subtitle-like sentence or two. You can choose to either display the caption or description, but I think we should only use two fields. Title and then either caption or description, but not both.\"><img loading=\"lazy\" decoding=\"async\" src=\"http:\/\/beta.carbon-education.org\/wp-content\/plugins\/justified-image-grid\/timthumb.php?src=http%3A%2F%2Fbeta.carbon-education.org%2Fwp-content%2Fuploads%2F2023%2F08%2F960x0.jpg&amp;h=230&amp;q=90&amp;f=.jpg\" alt=\"CO2 Levels\" width=\"285\" height=\"230\" \/><\/a><p class=\"jig-HTMLdescription\">CO2 Levels<br\/>This is a description field where you could continue to talk about CO2 for a full paragraph. Unlike the caption where you probably want to keep that to a subtitle-like sentence or two. You can choose to either display the caption or description, but I think we should only use two fields. Title and then either caption or description, but not both.<\/p><\/li><li><a href=\"http:\/\/beta.carbon-education.org\/wp-content\/uploads\/2023\/08\/1200px-CO2_pump_hg.svg_-1024x719.png\"><img loading=\"lazy\" decoding=\"async\" src=\"http:\/\/beta.carbon-education.org\/wp-content\/plugins\/justified-image-grid\/timthumb.php?src=http%3A%2F%2Fbeta.carbon-education.org%2Fwp-content%2Fuploads%2F2023%2F08%2F1200px-CO2_pump_hg.svg_-1024x719.png&amp;h=230&amp;q=90&amp;f=.png\" alt=\"CO2 Pump\" width=\"327\" height=\"230\" \/><\/a><p class=\"jig-HTMLdescription\">CO2 Pump<\/p><\/li><li><a href=\"http:\/\/beta.carbon-education.org\/wp-content\/uploads\/2023\/08\/Bathymetric-map-of-west-Florida-shelf-and-slope-which-drops-precipitously-into-the-deep.png\" title=\"Bathymetric Map of West Florida Shelf and Slope which drops precipitously into the deep\"><img loading=\"lazy\" decoding=\"async\" src=\"http:\/\/beta.carbon-education.org\/wp-content\/plugins\/justified-image-grid\/timthumb.php?src=http%3A%2F%2Fbeta.carbon-education.org%2Fwp-content%2Fuploads%2F2023%2F08%2FBathymetric-map-of-west-Florida-shelf-and-slope-which-drops-precipitously-into-the-deep.png&amp;h=230&amp;q=90&amp;f=.png\" alt=\"Bathymetric Map of West Florida Shelf and Slope\" width=\"221\" height=\"230\" \/><\/a><p class=\"jig-HTMLdescription\">Bathymetric Map of West Florida Shelf and Slope<br\/>Bathymetric Map of West Florida Shelf and Slope which drops precipitously into the deep<\/p><\/li><li><a href=\"http:\/\/beta.carbon-education.org\/wp-content\/uploads\/2023\/08\/Carbonated-up-close-1024x736-1.jpg\" title=\"Description\"><img loading=\"lazy\" decoding=\"async\" src=\"http:\/\/beta.carbon-education.org\/wp-content\/plugins\/justified-image-grid\/timthumb.php?src=http%3A%2F%2Fbeta.carbon-education.org%2Fwp-content%2Fuploads%2F2023%2F08%2FCarbonated-up-close-1024x736-1.jpg&amp;h=230&amp;q=90&amp;f=.jpg\" alt=\"Title\" width=\"320\" height=\"230\" \/><\/a><p class=\"jig-HTMLdescription\">Title<br\/>Description<\/p><\/li><li><a href=\"http:\/\/beta.carbon-education.org\/wp-content\/uploads\/2023\/08\/co2-infograph-1024x800.jpeg\"><img loading=\"lazy\" decoding=\"async\" src=\"http:\/\/beta.carbon-education.org\/wp-content\/plugins\/justified-image-grid\/timthumb.php?src=http%3A%2F%2Fbeta.carbon-education.org%2Fwp-content%2Fuploads%2F2023%2F08%2Fco2-infograph-1024x800.jpeg&amp;h=230&amp;q=90&amp;f=.jpeg\" alt=\"CO2 Reaction with Seawater\" width=\"294\" height=\"230\" \/><\/a><p class=\"jig-HTMLdescription\">CO2 Reaction with Seawater<\/p><\/li><li><a href=\"http:\/\/beta.carbon-education.org\/wp-content\/uploads\/2023\/08\/florida-carbonate-platform-sea-sed12377-fig-0001-m-1024x996.jpg\"><img loading=\"lazy\" decoding=\"async\" src=\"http:\/\/beta.carbon-education.org\/wp-content\/plugins\/justified-image-grid\/timthumb.php?src=http%3A%2F%2Fbeta.carbon-education.org%2Fwp-content%2Fuploads%2F2023%2F08%2Fflorida-carbonate-platform-sea-sed12377-fig-0001-m-1024x996.jpg&amp;h=230&amp;q=90&amp;f=.jpg\" alt=\"Florida Platform\" width=\"236\" height=\"230\" \/><\/a><p class=\"jig-HTMLdescription\">Florida Platform<\/p><\/li><li><a href=\"http:\/\/beta.carbon-education.org\/wp-content\/uploads\/2023\/08\/Florida_Platform.jpg\" title=\"Florida_Platform\"><img loading=\"lazy\" decoding=\"async\" src=\"http:\/\/beta.carbon-education.org\/wp-content\/plugins\/justified-image-grid\/timthumb.php?src=http%3A%2F%2Fbeta.carbon-education.org%2Fwp-content%2Fuploads%2F2023%2F08%2FFlorida_Platform.jpg&amp;h=230&amp;q=90&amp;f=.jpg\" alt=\"Florida Carbonate Platform\" width=\"356\" height=\"230\" \/><\/a><p class=\"jig-HTMLdescription\">Florida Carbonate Platform<br\/>Florida_Platform<\/p><\/li><li><a href=\"http:\/\/beta.carbon-education.org\/wp-content\/uploads\/2023\/08\/Florida-Carbonate.jpg\"><img loading=\"lazy\" decoding=\"async\" src=\"http:\/\/beta.carbon-education.org\/wp-content\/plugins\/justified-image-grid\/timthumb.php?src=http%3A%2F%2Fbeta.carbon-education.org%2Fwp-content%2Fuploads%2F2023%2F08%2FFlorida-Carbonate.jpg&amp;h=230&amp;q=90&amp;f=.jpg\" alt=\"Florida Carbonate Map\" width=\"213\" height=\"230\" \/><\/a><p class=\"jig-HTMLdescription\">Florida Carbonate Map<\/p><\/li><li><a href=\"http:\/\/beta.carbon-education.org\/wp-content\/uploads\/2023\/08\/IrMMNZtRkSNQVVLC2Kbe_pmel-research.003_med.jpg\"><img loading=\"lazy\" decoding=\"async\" src=\"http:\/\/beta.carbon-education.org\/wp-content\/plugins\/justified-image-grid\/timthumb.php?src=http%3A%2F%2Fbeta.carbon-education.org%2Fwp-content%2Fuploads%2F2023%2F08%2FIrMMNZtRkSNQVVLC2Kbe_pmel-research.003_med.jpg&amp;h=230&amp;q=90&amp;f=.jpg\" alt=\"Ocean carbon uptake\" width=\"408\" height=\"230\" \/><\/a><p class=\"jig-HTMLdescription\">Ocean carbon uptake<\/p><\/li><li><a href=\"http:\/\/beta.carbon-education.org\/wp-content\/uploads\/2023\/08\/hqdefault.jpg\" title=\"hqdefault\"><img loading=\"lazy\" decoding=\"async\" src=\"http:\/\/beta.carbon-education.org\/wp-content\/plugins\/justified-image-grid\/timthumb.php?src=http%3A%2F%2Fbeta.carbon-education.org%2Fwp-content%2Fuploads%2F2023%2F08%2Fhqdefault.jpg&amp;h=230&amp;q=90&amp;f=.jpg\" alt=\"Ocean bicarbonate\" width=\"306\" height=\"230\" \/><\/a><p class=\"jig-HTMLdescription\">Ocean bicarbonate<br\/>hqdefault<\/p><\/li><li><a href=\"http:\/\/beta.carbon-education.org\/wp-content\/uploads\/2023\/08\/Man-in-Oyster-Bed-1024x692.jpg\"><img loading=\"lazy\" decoding=\"async\" src=\"http:\/\/beta.carbon-education.org\/wp-content\/plugins\/justified-image-grid\/timthumb.php?src=http%3A%2F%2Fbeta.carbon-education.org%2Fwp-content%2Fuploads%2F2023%2F08%2FMan-in-Oyster-Bed-1024x692.jpg&amp;h=230&amp;q=90&amp;f=.jpg\" alt=\"Man in Oyster Bed\" width=\"340\" height=\"230\" \/><\/a><p class=\"jig-HTMLdescription\">Man in Oyster Bed<\/p><\/li><li><a href=\"http:\/\/beta.carbon-education.org\/wp-content\/uploads\/2023\/08\/medium_oceanacidification-2.jpg\"><img loading=\"lazy\" decoding=\"async\" src=\"http:\/\/beta.carbon-education.org\/wp-content\/plugins\/justified-image-grid\/timthumb.php?src=http%3A%2F%2Fbeta.carbon-education.org%2Fwp-content%2Fuploads%2F2023%2F08%2Fmedium_oceanacidification-2.jpg&amp;h=230&amp;q=90&amp;f=.jpg\" alt=\"Ocean acidification\" width=\"408\" height=\"230\" \/><\/a><p class=\"jig-HTMLdescription\">Ocean acidification<\/p><\/li><li><a href=\"http:\/\/beta.carbon-education.org\/wp-content\/uploads\/2023\/08\/ocean_carbon_cycle._credit_1148-1024x867.jpg\"><img loading=\"lazy\" decoding=\"async\" src=\"http:\/\/beta.carbon-education.org\/wp-content\/plugins\/justified-image-grid\/timthumb.php?src=http%3A%2F%2Fbeta.carbon-education.org%2Fwp-content%2Fuploads%2F2023%2F08%2Focean_carbon_cycle._credit_1148-1024x867.jpg&amp;h=230&amp;q=90&amp;f=.jpg\" alt=\"Ocean Carbon Cycle Diagram\" width=\"271\" height=\"230\" \/><\/a><p class=\"jig-HTMLdescription\">Ocean Carbon Cycle Diagram<\/p><\/li><li><a href=\"http:\/\/beta.carbon-education.org\/wp-content\/uploads\/2023\/08\/OceanCarbonCycle.jpg\" title=\"OceanCarbonCycle\"><img loading=\"lazy\" decoding=\"async\" src=\"http:\/\/beta.carbon-education.org\/wp-content\/plugins\/justified-image-grid\/timthumb.php?src=http%3A%2F%2Fbeta.carbon-education.org%2Fwp-content%2Fuploads%2F2023%2F08%2FOceanCarbonCycle.jpg&amp;h=230&amp;q=90&amp;f=.jpg\" alt=\"Ocean Carbon Cycle\" width=\"244\" height=\"230\" \/><\/a><p class=\"jig-HTMLdescription\">Ocean Carbon Cycle<br\/>OceanCarbonCycle<\/p><\/li><li><a href=\"http:\/\/beta.carbon-education.org\/wp-content\/uploads\/2023\/08\/ocean-chem-3-012.jpg\"><img loading=\"lazy\" decoding=\"async\" src=\"http:\/\/beta.carbon-education.org\/wp-content\/plugins\/justified-image-grid\/timthumb.php?src=http%3A%2F%2Fbeta.carbon-education.org%2Fwp-content%2Fuploads%2F2023%2F08%2Focean-chem-3-012.jpg&amp;h=230&amp;q=90&amp;f=.jpg\" alt=\"Ocean chemistry\" width=\"1142\" height=\"230\" \/><\/a><p class=\"jig-HTMLdescription\">Ocean chemistry<\/p><\/li><li><a href=\"http:\/\/beta.carbon-education.org\/wp-content\/uploads\/2023\/08\/pmel-research.004_med.jpg\"><img loading=\"lazy\" decoding=\"async\" src=\"http:\/\/beta.carbon-education.org\/wp-content\/plugins\/justified-image-grid\/timthumb.php?src=http%3A%2F%2Fbeta.carbon-education.org%2Fwp-content%2Fuploads%2F2023%2F08%2Fpmel-research.004_med.jpg&amp;h=230&amp;q=90&amp;f=.jpg\" alt=\"Ocean Carbon Storage\" width=\"408\" height=\"230\" \/><\/a><p class=\"jig-HTMLdescription\">Ocean Carbon Storage<\/p><\/li><li><a href=\"http:\/\/beta.carbon-education.org\/wp-content\/uploads\/2023\/08\/soda-bubbles-physics-behind-carbonated-drink-high-pressure.png\"><img loading=\"lazy\" decoding=\"async\" src=\"http:\/\/beta.carbon-education.org\/wp-content\/plugins\/justified-image-grid\/timthumb.php?src=http%3A%2F%2Fbeta.carbon-education.org%2Fwp-content%2Fuploads%2F2023%2F08%2Fsoda-bubbles-physics-behind-carbonated-drink-high-pressure.png&amp;h=230&amp;q=90&amp;f=.png\" alt=\"Soda Bubbles\" width=\"219\" height=\"230\" \/><\/a><p class=\"jig-HTMLdescription\">Soda Bubbles<\/p><\/li><li><a href=\"http:\/\/beta.carbon-education.org\/wp-content\/uploads\/2023\/08\/state-diagram-carbonates-conditions-oceans-2100-1024x682.jpg\" title=\"This is a description\"><img loading=\"lazy\" decoding=\"async\" src=\"http:\/\/beta.carbon-education.org\/wp-content\/plugins\/justified-image-grid\/timthumb.php?src=http%3A%2F%2Fbeta.carbon-education.org%2Fwp-content%2Fuploads%2F2023%2F08%2Fstate-diagram-carbonates-conditions-oceans-2100-1024x682.jpg&amp;h=230&amp;q=90&amp;f=.jpg\" alt=\"Ocean acidification\" width=\"345\" height=\"230\" \/><\/a><p class=\"jig-HTMLdescription\">Ocean acidification<br\/>This is a description<\/p><\/li><li><a href=\"http:\/\/beta.carbon-education.org\/wp-content\/uploads\/2023\/08\/Growing-Rice.jpg\"><img loading=\"lazy\" decoding=\"async\" src=\"http:\/\/beta.carbon-education.org\/wp-content\/plugins\/justified-image-grid\/timthumb.php?src=http%3A%2F%2Fbeta.carbon-education.org%2Fwp-content%2Fuploads%2F2023%2F08%2FGrowing-Rice.jpg&amp;h=230&amp;q=90&amp;f=.jpg\" alt=\"Growing Rice and Raising Animals Together\" width=\"336\" height=\"230\" \/><\/a><p class=\"jig-HTMLdescription\">Growing Rice and Raising Animals Together<\/p><\/li><\/ul><\/noscript><\/div>\n\n\n<div style=\"height:100px\" aria-hidden=\"true\" class=\"wp-block-spacer\"><\/div>\n\n\n<div id=\"jig3\" class=\"justified-image-grid jig-e50334f804ad75bfc8bdc4bdf08354f1 jig-preset-3 jig-source-wp-gallery jig-rml-id-6 jig-id-269\"><div class=\"jig-clearfix\"><\/div><noscript id=\"jig3-html\" class=\"justified-image-grid-html\" data-lazy-src=\"skiplazyload\" data-src=\"skipunveillazyload\"><ul><li><a href=\"http:\/\/beta.carbon-education.org\/wp-content\/uploads\/2023\/08\/Letting-Carbon-Sink-with-the-Fishes-_-Hakai-Magazine.pdf\" title=\"This is a description\" rel=\"external\"><img loading=\"lazy\" decoding=\"async\" src=\"http:\/\/beta.carbon-education.org\/wp-content\/plugins\/justified-image-grid\/timthumb.php?src=http%3A%2F%2Fbeta.carbon-education.org%2Fwp-content%2Fuploads%2F2023%2F08%2FLetting-Carbon-Sink-with-the-Fishes-_-Hakai-Magazine-pdf-791x1024.jpg&amp;h=310&amp;q=90&amp;f=.jpg\" alt=\"Letting Carbon Sink with the Fishes\" width=\"239\" height=\"310\" \/><\/a><p class=\"jig-HTMLdescription\">Letting Carbon Sink with the Fishes<br\/>This is a description<\/p><\/li><li><a href=\"http:\/\/beta.carbon-education.org\/wp-content\/uploads\/2023\/08\/Microbiology-researchers-further-understanding-of-ocean_s-role-in-carbon-cycling.pdf\" title=\"This is a description\" rel=\"external\"><img loading=\"lazy\" decoding=\"async\" src=\"http:\/\/beta.carbon-education.org\/wp-content\/plugins\/justified-image-grid\/timthumb.php?src=http%3A%2F%2Fbeta.carbon-education.org%2Fwp-content%2Fuploads%2F2023%2F08%2FMicrobiology-researchers-further-understanding-of-ocean_s-role-in-carbon-cycling-pdf-791x1024.jpg&amp;h=310&amp;q=90&amp;f=.jpg\" alt=\"Microbiology researchers further understanding of ocean&#039;s role in carbon cycling\" width=\"239\" height=\"310\" \/><\/a><p class=\"jig-HTMLdescription\">Microbiology researchers further understanding of ocean&#8217;s role in carbon cycling<br\/>This is a description<\/p><\/li><li><a href=\"http:\/\/beta.carbon-education.org\/wp-content\/uploads\/2023\/08\/Model-suggests-fish-fecal-carbon-sequestering-in-the-ocean-has-declined-by-half-over-the-past-century.pdf\" title=\"This is a description \" rel=\"external\"><img loading=\"lazy\" decoding=\"async\" src=\"http:\/\/beta.carbon-education.org\/wp-content\/plugins\/justified-image-grid\/timthumb.php?src=http%3A%2F%2Fbeta.carbon-education.org%2Fwp-content%2Fuploads%2F2023%2F08%2FModel-suggests-fish-fecal-carbon-sequestering-in-the-ocean-has-declined-by-half-over-the-past-century-pdf-791x1024.jpg&amp;h=310&amp;q=90&amp;f=.jpg\" alt=\"Model suggests fish fecal carbon sequestering in the ocean has declined by half over the past century\" width=\"239\" height=\"310\" \/><\/a><p class=\"jig-HTMLdescription\">Model suggests fish fecal carbon sequestering in the ocean has declined by half over the past century<br\/>This is a description <\/p><\/li><li><a href=\"http:\/\/beta.carbon-education.org\/wp-content\/uploads\/2023\/08\/What-is-a-_mangrove_-forest_.pdf\" title=\"This is a description \" rel=\"external\"><img loading=\"lazy\" decoding=\"async\" src=\"http:\/\/beta.carbon-education.org\/wp-content\/plugins\/justified-image-grid\/timthumb.php?src=http%3A%2F%2Fbeta.carbon-education.org%2Fwp-content%2Fuploads%2F2023%2F08%2FWhat-is-a-_mangrove_-forest_-pdf-724x1024.jpg&amp;h=310&amp;q=90&amp;f=.jpg\" alt=\"What is a mangrove forest?\" width=\"219\" height=\"310\" \/><\/a><p class=\"jig-HTMLdescription\">What is a mangrove forest?<br\/>This is a description <\/p><\/li><li><a href=\"http:\/\/beta.carbon-education.org\/wp-content\/uploads\/2023\/08\/Mangrove-blue-carbon-strategies.pdf\" title=\"Mangrove blue carbon strategies for\nclimate change mitigation are most\neffective at the national scale\" rel=\"external\"><img loading=\"lazy\" decoding=\"async\" src=\"http:\/\/beta.carbon-education.org\/wp-content\/plugins\/justified-image-grid\/timthumb.php?src=http%3A%2F%2Fbeta.carbon-education.org%2Fwp-content%2Fuploads%2F2023%2F08%2FMangrove-blue-carbon-strategies-pdf-724x1024.jpg&amp;h=310&amp;q=90&amp;f=.jpg\" alt=\"Mangrove-blue-carbon-strategies\" width=\"219\" height=\"310\" \/><\/a><p class=\"jig-HTMLdescription\">Mangrove-blue-carbon-strategies<br\/>Mangrove blue carbon strategies for\nclimate change mitigation are most\neffective at the national scale<\/p><\/li><li><a href=\"http:\/\/beta.carbon-education.org\/wp-content\/uploads\/2023\/09\/6EQ.gif\" title=\"6EQ\"><img loading=\"lazy\" decoding=\"async\" src=\"http:\/\/beta.carbon-education.org\/wp-content\/plugins\/justified-image-grid\/timthumb.php?src=http%3A%2F%2Fbeta.carbon-education.org%2Fwp-content%2Fuploads%2F2023%2F09%2F6EQ.gif&amp;h=310&amp;q=90&amp;f=.gif\" alt=\"6EQ\" width=\"483\" height=\"310\" \/><\/a><p class=\"jig-HTMLdescription\">6EQ<\/p><\/li><\/ul><\/noscript><\/div>\n\n\n<div style=\"height:100px\" aria-hidden=\"true\" class=\"wp-block-spacer\"><\/div>\n\n\n<p>[doc_library doc_category=\u00bbblue_carbon\u00bb]<\/p>\n\n\n\n<div style=\"height:100px\" aria-hidden=\"true\" class=\"wp-block-spacer\"><\/div>\n\n\n<div id=\"jig4\" class=\"justified-image-grid jig-3bf45ee363f159dafc9194676e6bfe0c jig-preset-19 jig-source-wp-gallery jig-rml-id-12 jig-id-1881\"><div class=\"jig-clearfix\"><\/div><noscript id=\"jig4-html\" class=\"justified-image-grid-html\" data-lazy-src=\"skiplazyload\" data-src=\"skipunveillazyload\"><ul><li><a href=\"http:\/\/beta.carbon-education.org\/wp-content\/uploads\/2023\/09\/Climate-Earth-Clouds1-1024x682.webp\" title=\"Una nueva investigaci\u00f3n indica que las \u00e1reas oce\u00e1nicas ricas en vida marina son fuentes importantes de urea atmosf\u00e9rica, un compuesto de nitr\u00f3geno clave, que puede afectar la productividad marina y la estabilidad clim\u00e1tica al beneficiar los ambientes deficientes en nutrientes; Estos hallazgos requieren una revisi\u00f3n de los modelos actuales del ciclo del nitr\u00f3geno.\"><img loading=\"lazy\" decoding=\"async\" src=\"http:\/\/beta.carbon-education.org\/wp-content\/plugins\/justified-image-grid\/timthumb.php?src=http%3A%2F%2Fbeta.carbon-education.org%2Fwp-content%2Fuploads%2F2023%2F09%2FClimate-Earth-Clouds1-1024x682.webp&amp;h=230&amp;q=90&amp;f=.webp\" alt=\"Profundas consecuencias para el clima: los cient\u00edficos descubren urea en la atm\u00f3sfera\" width=\"345\" height=\"230\" \/><\/a><p class=\"jig-HTMLdescription\">Profundas consecuencias para el clima: los cient\u00edficos descubren urea en la atm\u00f3sfera<br\/>Una nueva investigaci\u00f3n indica que las \u00e1reas oce\u00e1nicas ricas en vida marina son fuentes importantes de urea atmosf\u00e9rica, un compuesto de nitr\u00f3geno clave, que puede afectar la productividad marina y la estabilidad clim\u00e1tica al beneficiar los ambientes deficientes en nutrientes; Estos hallazgos requieren una revisi\u00f3n de los modelos actuales del ciclo del nitr\u00f3geno.<\/p><\/li><li><a href=\"http:\/\/beta.carbon-education.org\/wp-content\/uploads\/2023\/09\/bluecarbon-mangrove-9601.jpg\" title=\"Blue carbon is the term for carbon captured by the world&#039;s ocean and coastal ecosystems.\"><img loading=\"lazy\" decoding=\"async\" src=\"http:\/\/beta.carbon-education.org\/wp-content\/plugins\/justified-image-grid\/timthumb.php?src=http%3A%2F%2Fbeta.carbon-education.org%2Fwp-content%2Fuploads%2F2023%2F09%2Fbluecarbon-mangrove-9601.jpg&amp;h=230&amp;q=90&amp;f=.jpg\" alt=\"bluecarbon-mangrove-960[1]\" width=\"345\" height=\"230\" \/><\/a><p class=\"jig-HTMLdescription\">bluecarbon-mangrove-960[1]<br\/>Blue carbon is the term for carbon captured by the world&#8217;s ocean and coastal ecosystems.<\/p><\/li><\/ul><\/noscript><\/div>\n\n\n<div style=\"height:100px\" aria-hidden=\"true\" class=\"wp-block-spacer\"><\/div>\n","protected":false},"excerpt":{"rendered":"","protected":false},"author":2,"featured_media":0,"parent":0,"menu_order":0,"comment_status":"closed","ping_status":"closed","template":"","meta":{"site-sidebar-layout":"default","site-content-layout":"","ast-site-content-layout":"","site-content-style":"default","site-sidebar-style":"default","ast-global-header-display":"","ast-banner-title-visibility":"","ast-main-header-display":"","ast-hfb-above-header-display":"","ast-hfb-below-header-display":"","ast-hfb-mobile-header-display":"","site-post-title":"","ast-breadcrumbs-content":"","ast-featured-img":"","footer-sml-layout":"","theme-transparent-header-meta":"","adv-header-id-meta":"","stick-header-meta":"","header-above-stick-meta":"","header-main-stick-meta":"","header-below-stick-meta":"","astra-migrate-meta-layouts":"default","ast-page-background-enabled":"default","ast-page-background-meta":{"desktop":{"background-color":"var(--ast-global-color-4)","background-image":"","background-repeat":"repeat","background-position":"center center","background-size":"auto","background-attachment":"scroll","background-type":"","background-media":"","overlay-type":"","overlay-color":"","overlay-gradient":""},"tablet":{"background-color":"","background-image":"","background-repeat":"repeat","background-position":"center center","background-size":"auto","background-attachment":"scroll","background-type":"","background-media":"","overlay-type":"","overlay-color":"","overlay-gradient":""},"mobile":{"background-color":"","background-image":"","background-repeat":"repeat","background-position":"center center","background-size":"auto","background-attachment":"scroll","background-type":"","background-media":"","overlay-type":"","overlay-color":"","overlay-gradient":""}},"ast-content-background-meta":{"desktop":{"background-color":"var(--ast-global-color-5)","background-image":"","background-repeat":"repeat","background-position":"center center","background-size":"auto","background-attachment":"scroll","background-type":"","background-media":"","overlay-type":"","overlay-color":"","overlay-gradient":""},"tablet":{"background-color":"var(--ast-global-color-5)","background-image":"","background-repeat":"repeat","background-position":"center center","background-size":"auto","background-attachment":"scroll","background-type":"","background-media":"","overlay-type":"","overlay-color":"","overlay-gradient":""},"mobile":{"background-color":"var(--ast-global-color-5)","background-image":"","background-repeat":"repeat","background-position":"center center","background-size":"auto","background-attachment":"scroll","background-type":"","background-media":"","overlay-type":"","overlay-color":"","overlay-gradient":""}},"footnotes":""},"class_list":["post-1760","page","type-page","status-publish","hentry"],"_links":{"self":[{"href":"http:\/\/beta.carbon-education.org\/es\/wp-json\/wp\/v2\/pages\/1760","targetHints":{"allow":["GET"]}}],"collection":[{"href":"http:\/\/beta.carbon-education.org\/es\/wp-json\/wp\/v2\/pages"}],"about":[{"href":"http:\/\/beta.carbon-education.org\/es\/wp-json\/wp\/v2\/types\/page"}],"author":[{"embeddable":true,"href":"http:\/\/beta.carbon-education.org\/es\/wp-json\/wp\/v2\/users\/2"}],"replies":[{"embeddable":true,"href":"http:\/\/beta.carbon-education.org\/es\/wp-json\/wp\/v2\/comments?post=1760"}],"version-history":[{"count":13,"href":"http:\/\/beta.carbon-education.org\/es\/wp-json\/wp\/v2\/pages\/1760\/revisions"}],"predecessor-version":[{"id":1954,"href":"http:\/\/beta.carbon-education.org\/es\/wp-json\/wp\/v2\/pages\/1760\/revisions\/1954"}],"wp:attachment":[{"href":"http:\/\/beta.carbon-education.org\/es\/wp-json\/wp\/v2\/media?parent=1760"}],"curies":[{"name":"wp","href":"https:\/\/api.w.org\/{rel}","templated":true}]}}